{"id":24541,"date":"2023-12-08T02:45:58","date_gmt":"2023-12-08T05:45:58","guid":{"rendered":"https:\/\/furukawasolutions.com\/distribuidores\/"},"modified":"2024-10-30T15:48:51","modified_gmt":"2024-10-30T18:48:51","slug":"distribuidores","status":"publish","type":"page","link":"https:\/\/furukawasolutions.com\/es\/distribuidores\/","title":{"rendered":"Distribuidores e Integradores"},"content":{"rendered":"<p>Introducci\u00f3n del texto<\/p>\n","protected":false},"excerpt":{"rendered":"<p>Introducci\u00f3n del texto<\/p>\n","protected":false},"author":4,"featured_media":1281,"parent":0,"menu_order":0,"comment_status":"closed","ping_status":"closed","template":"archive-distribuidores.php","meta":{"_acf_changed":true,"inline_featured_image":false,"footnotes":""},"regioes":[],"class_list":["post-24541","page","type-page","status-publish","has-post-thumbnail","hentry"],"acf":[],"yoast_head":"<!-- This site is optimized with the Yoast SEO plugin v24.8.1 - https:\/\/yoast.com\/wordpress\/plugins\/seo\/ -->\n<title>Distribuidores e Integradores &#8211; Furukawa Solutions<\/title>\n<meta name=\"robots\" content=\"index, follow, max-snippet:-1, max-image-preview:large, max-video-preview:-1\" \/>\n<link rel=\"canonical\" href=\"https:\/\/furukawasolutions.com\/es\/distribuidores\/\" \/>\n<meta property=\"og:locale\" content=\"es_ES\" \/>\n<meta property=\"og:type\" content=\"article\" \/>\n<meta property=\"og:title\" content=\"Distribuidores e Integradores &#8211; Furukawa Solutions\" \/>\n<meta property=\"og:description\" content=\"Introducci\u00f3n del texto\" \/>\n<meta property=\"og:url\" content=\"https:\/\/furukawasolutions.com\/es\/distribuidores\/\" \/>\n<meta property=\"og:site_name\" content=\"Furukawa Solutions\" \/>\n<meta property=\"article:publisher\" content=\"https:\/\/www.facebook.com\/furukawasolutions.pt\/\" \/>\n<meta property=\"article:modified_time\" content=\"2024-10-30T18:48:51+00:00\" \/>\n<meta property=\"og:image\" content=\"https:\/\/furukawasolutions.com\/wp-content\/uploads\/2023\/11\/videos1.jpg\" \/>\n\t<meta property=\"og:image:width\" content=\"1000\" \/>\n\t<meta property=\"og:image:height\" content=\"667\" \/>\n\t<meta property=\"og:image:type\" content=\"image\/jpeg\" \/>\n<meta name=\"twitter:card\" content=\"summary_large_image\" \/>\n<meta name=\"twitter:site\" content=\"@furukawa_pt\" \/>\n<meta name=\"twitter:label1\" content=\"Tiempo de lectura\" \/>\n\t<meta name=\"twitter:data1\" content=\"1 minuto\" \/>\n<script type=\"application\/ld+json\" class=\"yoast-schema-graph\">{\"@context\":\"https:\/\/schema.org\",\"@graph\":[{\"@type\":\"WebPage\",\"@id\":\"https:\/\/furukawasolutions.com\/es\/distribuidores\/\",\"url\":\"https:\/\/furukawasolutions.com\/es\/distribuidores\/\",\"name\":\"Distribuidores e Integradores &#8211; Furukawa Solutions\",\"isPartOf\":{\"@id\":\"https:\/\/furukawasolutions.com\/es\/#website\"},\"primaryImageOfPage\":{\"@id\":\"https:\/\/furukawasolutions.com\/es\/distribuidores\/#primaryimage\"},\"image\":{\"@id\":\"https:\/\/furukawasolutions.com\/es\/distribuidores\/#primaryimage\"},\"thumbnailUrl\":\"https:\/\/furukawasolutions.com\/wp-content\/uploads\/2023\/11\/videos1.jpg\",\"datePublished\":\"2023-12-08T05:45:58+00:00\",\"dateModified\":\"2024-10-30T18:48:51+00:00\",\"breadcrumb\":{\"@id\":\"https:\/\/furukawasolutions.com\/es\/distribuidores\/#breadcrumb\"},\"inLanguage\":\"es\",\"potentialAction\":[{\"@type\":\"ReadAction\",\"target\":[\"https:\/\/furukawasolutions.com\/es\/distribuidores\/\"]}]},{\"@type\":\"ImageObject\",\"inLanguage\":\"es\",\"@id\":\"https:\/\/furukawasolutions.com\/es\/distribuidores\/#primaryimage\",\"url\":\"https:\/\/furukawasolutions.com\/wp-content\/uploads\/2023\/11\/videos1.jpg\",\"contentUrl\":\"https:\/\/furukawasolutions.com\/wp-content\/uploads\/2023\/11\/videos1.jpg\",\"width\":1000,\"height\":667},{\"@type\":\"BreadcrumbList\",\"@id\":\"https:\/\/furukawasolutions.com\/es\/distribuidores\/#breadcrumb\",\"itemListElement\":[{\"@type\":\"ListItem\",\"position\":1,\"name\":\"Home\",\"item\":\"https:\/\/furukawasolutions.com\/es\/\"},{\"@type\":\"ListItem\",\"position\":2,\"name\":\"Distribuidores e Integradores\"}]},{\"@type\":\"WebSite\",\"@id\":\"https:\/\/furukawasolutions.com\/es\/#website\",\"url\":\"https:\/\/furukawasolutions.com\/es\/\",\"name\":\"Furukawa Solutions\",\"description\":\"Conhe\u00e7a as solu\u00e7\u00f5es completas para empresas e os produtos inovadores da Furukawa. Acesse nosso cat\u00e1logo, saiba como comprar e solicite um or\u00e7amento online!\",\"publisher\":{\"@id\":\"https:\/\/furukawasolutions.com\/es\/#organization\"},\"potentialAction\":[{\"@type\":\"SearchAction\",\"target\":{\"@type\":\"EntryPoint\",\"urlTemplate\":\"https:\/\/furukawasolutions.com\/es\/?s={search_term_string}\"},\"query-input\":{\"@type\":\"PropertyValueSpecification\",\"valueRequired\":true,\"valueName\":\"search_term_string\"}}],\"inLanguage\":\"es\"},{\"@type\":\"Organization\",\"@id\":\"https:\/\/furukawasolutions.com\/es\/#organization\",\"name\":\"Furukawa Solutions\",\"url\":\"https:\/\/furukawasolutions.com\/es\/\",\"logo\":{\"@type\":\"ImageObject\",\"inLanguage\":\"es\",\"@id\":\"https:\/\/furukawasolutions.com\/es\/#\/schema\/logo\/image\/\",\"url\":\"https:\/\/furukawasolutions.com\/wp-content\/uploads\/2024\/11\/Logo-Furukawa-Electric-e-Solutions.jpeg\",\"contentUrl\":\"https:\/\/furukawasolutions.com\/wp-content\/uploads\/2024\/11\/Logo-Furukawa-Electric-e-Solutions.jpeg\",\"width\":1280,\"height\":216,\"caption\":\"Furukawa Solutions\"},\"image\":{\"@id\":\"https:\/\/furukawasolutions.com\/es\/#\/schema\/logo\/image\/\"},\"sameAs\":[\"https:\/\/www.facebook.com\/furukawasolutions.pt\/\",\"https:\/\/x.com\/furukawa_pt\",\"https:\/\/www.instagram.com\/furukawasolutions_pt\/\",\"https:\/\/www.tiktok.com\/@furukawasolutions_pt\",\"https:\/\/br.linkedin.com\/company\/furukawa\"]}]}<\/script>\n<!-- \/ Yoast SEO plugin. -->","yoast_head_json":{"title":"Distribuidores e Integradores &#8211; Furukawa Solutions","robots":{"index":"index","follow":"follow","max-snippet":"max-snippet:-1","max-image-preview":"max-image-preview:large","max-video-preview":"max-video-preview:-1"},"canonical":"https:\/\/furukawasolutions.com\/es\/distribuidores\/","og_locale":"es_ES","og_type":"article","og_title":"Distribuidores e Integradores &#8211; Furukawa Solutions","og_description":"Introducci\u00f3n del texto","og_url":"https:\/\/furukawasolutions.com\/es\/distribuidores\/","og_site_name":"Furukawa Solutions","article_publisher":"https:\/\/www.facebook.com\/furukawasolutions.pt\/","article_modified_time":"2024-10-30T18:48:51+00:00","og_image":[{"width":1000,"height":667,"url":"https:\/\/furukawasolutions.com\/wp-content\/uploads\/2023\/11\/videos1.jpg","type":"image\/jpeg"}],"twitter_card":"summary_large_image","twitter_site":"@furukawa_pt","twitter_misc":{"Tiempo de lectura":"1 minuto"},"schema":{"@context":"https:\/\/schema.org","@graph":[{"@type":"WebPage","@id":"https:\/\/furukawasolutions.com\/es\/distribuidores\/","url":"https:\/\/furukawasolutions.com\/es\/distribuidores\/","name":"Distribuidores e Integradores &#8211; Furukawa Solutions","isPartOf":{"@id":"https:\/\/furukawasolutions.com\/es\/#website"},"primaryImageOfPage":{"@id":"https:\/\/furukawasolutions.com\/es\/distribuidores\/#primaryimage"},"image":{"@id":"https:\/\/furukawasolutions.com\/es\/distribuidores\/#primaryimage"},"thumbnailUrl":"https:\/\/furukawasolutions.com\/wp-content\/uploads\/2023\/11\/videos1.jpg","datePublished":"2023-12-08T05:45:58+00:00","dateModified":"2024-10-30T18:48:51+00:00","breadcrumb":{"@id":"https:\/\/furukawasolutions.com\/es\/distribuidores\/#breadcrumb"},"inLanguage":"es","potentialAction":[{"@type":"ReadAction","target":["https:\/\/furukawasolutions.com\/es\/distribuidores\/"]}]},{"@type":"ImageObject","inLanguage":"es","@id":"https:\/\/furukawasolutions.com\/es\/distribuidores\/#primaryimage","url":"https:\/\/furukawasolutions.com\/wp-content\/uploads\/2023\/11\/videos1.jpg","contentUrl":"https:\/\/furukawasolutions.com\/wp-content\/uploads\/2023\/11\/videos1.jpg","width":1000,"height":667},{"@type":"BreadcrumbList","@id":"https:\/\/furukawasolutions.com\/es\/distribuidores\/#breadcrumb","itemListElement":[{"@type":"ListItem","position":1,"name":"Home","item":"https:\/\/furukawasolutions.com\/es\/"},{"@type":"ListItem","position":2,"name":"Distribuidores e Integradores"}]},{"@type":"WebSite","@id":"https:\/\/furukawasolutions.com\/es\/#website","url":"https:\/\/furukawasolutions.com\/es\/","name":"Furukawa Solutions","description":"Conhe\u00e7a as solu\u00e7\u00f5es completas para empresas e os produtos inovadores da Furukawa. Acesse nosso cat\u00e1logo, saiba como comprar e solicite um or\u00e7amento online!","publisher":{"@id":"https:\/\/furukawasolutions.com\/es\/#organization"},"potentialAction":[{"@type":"SearchAction","target":{"@type":"EntryPoint","urlTemplate":"https:\/\/furukawasolutions.com\/es\/?s={search_term_string}"},"query-input":{"@type":"PropertyValueSpecification","valueRequired":true,"valueName":"search_term_string"}}],"inLanguage":"es"},{"@type":"Organization","@id":"https:\/\/furukawasolutions.com\/es\/#organization","name":"Furukawa Solutions","url":"https:\/\/furukawasolutions.com\/es\/","logo":{"@type":"ImageObject","inLanguage":"es","@id":"https:\/\/furukawasolutions.com\/es\/#\/schema\/logo\/image\/","url":"https:\/\/furukawasolutions.com\/wp-content\/uploads\/2024\/11\/Logo-Furukawa-Electric-e-Solutions.jpeg","contentUrl":"https:\/\/furukawasolutions.com\/wp-content\/uploads\/2024\/11\/Logo-Furukawa-Electric-e-Solutions.jpeg","width":1280,"height":216,"caption":"Furukawa Solutions"},"image":{"@id":"https:\/\/furukawasolutions.com\/es\/#\/schema\/logo\/image\/"},"sameAs":["https:\/\/www.facebook.com\/furukawasolutions.pt\/","https:\/\/x.com\/furukawa_pt","https:\/\/www.instagram.com\/furukawasolutions_pt\/","https:\/\/www.tiktok.com\/@furukawasolutions_pt","https:\/\/br.linkedin.com\/company\/furukawa"]}]}},"_links":{"self":[{"href":"https:\/\/furukawasolutions.com\/es\/wp-json\/wp\/v2\/pages\/24541","targetHints":{"allow":["GET"]}}],"collection":[{"href":"https:\/\/furukawasolutions.com\/es\/wp-json\/wp\/v2\/pages"}],"about":[{"href":"https:\/\/furukawasolutions.com\/es\/wp-json\/wp\/v2\/types\/page"}],"author":[{"embeddable":true,"href":"https:\/\/furukawasolutions.com\/es\/wp-json\/wp\/v2\/users\/4"}],"replies":[{"embeddable":true,"href":"https:\/\/furukawasolutions.com\/es\/wp-json\/wp\/v2\/comments?post=24541"}],"version-history":[{"count":0,"href":"https:\/\/furukawasolutions.com\/es\/wp-json\/wp\/v2\/pages\/24541\/revisions"}],"wp:featuredmedia":[{"embeddable":true,"href":"https:\/\/furukawasolutions.com\/es\/wp-json\/wp\/v2\/media\/1281"}],"wp:attachment":[{"href":"https:\/\/furukawasolutions.com\/es\/wp-json\/wp\/v2\/media?parent=24541"}],"wp:term":[{"taxonomy":"regioes","embeddable":true,"href":"https:\/\/furukawasolutions.com\/es\/wp-json\/wp\/v2\/regioes?post=24541"}],"curies":[{"name":"wp","href":"https:\/\/api.w.org\/{rel}","templated":true}]}}